{"id":610,"date":"2023-10-31T12:38:43","date_gmt":"2023-10-31T12:38:43","guid":{"rendered":"https:\/\/conferinteleclubferoviar.ro\/infrastructura\/?page_id=610"},"modified":"2023-10-31T13:26:38","modified_gmt":"2023-10-31T13:26:38","slug":"despre-eveniment","status":"publish","type":"page","link":"https:\/\/conferinteleclubferoviar.ro\/otfmr\/despre-eveniment\/","title":{"rendered":"Despre eveniment"},"content":{"rendered":"\t\t<div data-elementor-type=\"wp-page\" data-elementor-id=\"610\" class=\"elementor elementor-610\" data-elementor-post-type=\"page\">\n\t\t\t\t<div class=\"elementor-element elementor-element-46475510 e-con-full e-flex e-con e-parent\" data-id=\"46475510\" data-element_type=\"container\" data-e-type=\"container\" data-settings=\"{&quot;background_background&quot;:&quot;classic&quot;}\">\n\t\t<div class=\"elementor-element elementor-element-5b989e02 e-con-full e-flex elementor-invisible e-con e-child\" data-id=\"5b989e02\" data-element_type=\"container\" data-e-type=\"container\" data-settings=\"{&quot;background_background&quot;:&quot;classic&quot;,&quot;animation&quot;:&quot;fadeInUp&quot;}\">\n\t\t\t\t<div class=\"elementor-element elementor-element-1892da08 elementor-widget elementor-widget-text-editor\" data-id=\"1892da08\" data-element_type=\"widget\" data-e-type=\"widget\" data-widget_type=\"text-editor.default\">\n\t\t\t\t<div class=\"elementor-widget-container\">\n\t\t\t\t\t\t\t\t\t<p>Administratorii de infrastructur\u0103 feroviar\u0103 na\u021bional\u0103 \u0219i operatorii de transport feroviar vor prezenta proiectele feroviare menite s\u0103 formeze un spa\u021biu de transport feroviar mai bine conectat \u0219i integrat \u00een statele ECE.<\/p>\t\t\t\t\t\t\t\t<\/div>\n\t\t\t\t<\/div>\n\t\t\t\t<\/div>\n\t\t\t\t<\/div>\n\t\t<div class=\"elementor-element elementor-element-479a050e e-con-full e-flex e-con e-parent\" data-id=\"479a050e\" data-element_type=\"container\" data-e-type=\"container\" data-settings=\"{&quot;background_background&quot;:&quot;classic&quot;}\">\n\t\t\t\t<div class=\"elementor-element elementor-element-4e39d5f8 elementor-widget elementor-widget-heading\" data-id=\"4e39d5f8\" data-element_type=\"widget\" data-e-type=\"widget\" data-widget_type=\"heading.default\">\n\t\t\t\t<div class=\"elementor-widget-container\">\n\t\t\t\t\t<h3 class=\"elementor-heading-title elementor-size-default\">Cele mai relevante conferin\u021be feroviare ale anului!<\/h3>\t\t\t\t<\/div>\n\t\t\t\t<\/div>\n\t\t\t\t<\/div>\n\t\t<div class=\"elementor-element elementor-element-a254846 e-con-full e-flex e-con e-parent\" data-id=\"a254846\" data-element_type=\"container\" data-e-type=\"container\" data-settings=\"{&quot;background_background&quot;:&quot;classic&quot;}\">\n\t\t<div class=\"elementor-element elementor-element-acfa4f1 e-con-full e-flex elementor-invisible e-con e-child\" data-id=\"acfa4f1\" data-element_type=\"container\" data-e-type=\"container\" data-settings=\"{&quot;background_background&quot;:&quot;classic&quot;,&quot;animation&quot;:&quot;fadeInUp&quot;}\">\n\t\t\t\t<div class=\"elementor-element elementor-element-3113940 elementor-widget elementor-widget-text-editor\" data-id=\"3113940\" data-element_type=\"widget\" data-e-type=\"widget\" data-widget_type=\"text-editor.default\">\n\t\t\t\t<div class=\"elementor-widget-container\">\n\t\t\t\t\t\t\t\t\t<p style=\"text-align: left;\">Ve\u021bi avea ocazia s\u0103 v\u0103 conecta\u021bi cu al\u021bi profesioni\u0219ti din domeniu, s\u0103 asculta\u021bi prezent\u0103rile vorbitorilor principali \u0219i s\u0103 participa\u021bi la panelurile cu subiecte diversificate.<\/p><p style=\"text-align: left;\">Descoperi\u021bi noi tehnologii, inova\u021bii, bune practici \u0219i ob\u021bine\u021bi informa\u021bii valoroase despre viitorul domeniului feroviar.<\/p>\t\t\t\t\t\t\t\t<\/div>\n\t\t\t\t<\/div>\n\t\t\t\t<\/div>\n\t\t\t\t<\/div>\n\t\t<div class=\"elementor-element elementor-element-57a686df e-flex e-con-boxed e-con e-parent\" data-id=\"57a686df\" data-element_type=\"container\" data-e-type=\"container\" data-settings=\"{&quot;background_background&quot;:&quot;gradient&quot;}\">\n\t\t\t\t\t<div class=\"e-con-inner\">\n\t\t<div class=\"elementor-element elementor-element-5e23cb30 e-con-full e-flex e-con e-child\" data-id=\"5e23cb30\" data-element_type=\"container\" data-e-type=\"container\">\n\t\t\t\t<div class=\"elementor-element elementor-element-15df24cc elementor-widget-divider--view-line elementor-invisible elementor-widget elementor-widget-divider\" data-id=\"15df24cc\" data-element_type=\"widget\" data-e-type=\"widget\" data-settings=\"{&quot;_animation&quot;:&quot;fadeInLeft&quot;}\" data-widget_type=\"divider.default\">\n\t\t\t\t<div class=\"elementor-widget-container\">\n\t\t\t\t\t\t\t<div class=\"elementor-divider\">\n\t\t\t<span class=\"elementor-divider-separator\">\n\t\t\t\t\t\t<\/span>\n\t\t<\/div>\n\t\t\t\t\t\t<\/div>\n\t\t\t\t<\/div>\n\t\t\t\t<div class=\"elementor-element elementor-element-3915cf1e elementor-widget-tablet__width-inherit elementor-widget elementor-widget-heading\" data-id=\"3915cf1e\" data-element_type=\"widget\" data-e-type=\"widget\" data-widget_type=\"heading.default\">\n\t\t\t\t<div class=\"elementor-widget-container\">\n\t\t\t\t\t<h3 class=\"elementor-heading-title elementor-size-default\">Creeaz\u0103-\u021bi conexiuni valoroase pentru compania ta!<\/h3>\t\t\t\t<\/div>\n\t\t\t\t<\/div>\n\t\t\t\t<div class=\"elementor-element elementor-element-623fe4a7 elementor-widget elementor-widget-icon-box\" data-id=\"623fe4a7\" data-element_type=\"widget\" data-e-type=\"widget\" data-widget_type=\"icon-box.default\">\n\t\t\t\t<div class=\"elementor-widget-container\">\n\t\t\t\t\t\t\t<div class=\"elementor-icon-box-wrapper\">\n\n\t\t\t\n\t\t\t\t\t\t<div class=\"elementor-icon-box-content\">\n\n\t\t\t\t\n\t\t\t\t\t\t\t\t\t<p class=\"elementor-icon-box-description\">\n\t\t\t\t\t\t\n\nParticipan\u021bii vor avea oportunitatea de a stabili rela\u021bii cu lideri din industrie, de a ob\u021bine informa\u021bii valoroase despre cele mai recente tehnologii \u0219i de a descoperi noi oportunit\u0103\u021bi de afaceri.\n<br \/>\n<br \/>\n\nConferin\u021bele Club Feroviar vor include vorbitori de referin\u021b\u0103 de la companii de top din industrie, precum \u0219i o varietate bogat\u0103 de discu\u021bii, fiind contextul ideal de a intra \u00een contact cu poten\u021biali parteneri de afaceri \u0219i de a ob\u021bine informa\u021bii relevante despre tendin\u021bele din domeniu.\n\t\t\t\t\t<\/p>\n\t\t\t\t\n\t\t\t<\/div>\n\t\t\t\n\t\t<\/div>\n\t\t\t\t\t\t<\/div>\n\t\t\t\t<\/div>\n\t\t\t\t<\/div>\n\t\t<div class=\"elementor-element elementor-element-6e70c8f5 e-con-full e-flex e-con e-child\" data-id=\"6e70c8f5\" data-element_type=\"container\" data-e-type=\"container\">\n\t\t\t\t<div class=\"elementor-element elementor-element-4e825ce8 elementor-widget-mobile__width-initial elementor-widget__width-initial elementor-widget-tablet__width-initial elementor-invisible elementor-widget elementor-widget-image\" data-id=\"4e825ce8\" data-element_type=\"widget\" data-e-type=\"widget\" data-settings=\"{&quot;_animation&quot;:&quot;fadeInDown&quot;}\" data-widget_type=\"image.default\">\n\t\t\t\t<div class=\"elementor-widget-container\">\n\t\t\t\t\t\t\t\t\t\t\t\t\t\t\t<img fetchpriority=\"high\" decoding=\"async\" width=\"1024\" height=\"735\" src=\"https:\/\/conferinteleclubferoviar.ro\/otfmr\/wp-content\/uploads\/2023\/10\/IMG_8792-copy-1024x735-1.jpg\" class=\"attachment-full size-full wp-image-636\" alt=\"\" srcset=\"https:\/\/conferinteleclubferoviar.ro\/otfmr\/wp-content\/uploads\/2023\/10\/IMG_8792-copy-1024x735-1.jpg 1024w, https:\/\/conferinteleclubferoviar.ro\/otfmr\/wp-content\/uploads\/2023\/10\/IMG_8792-copy-1024x735-1-300x215.jpg 300w, https:\/\/conferinteleclubferoviar.ro\/otfmr\/wp-content\/uploads\/2023\/10\/IMG_8792-copy-1024x735-1-768x551.jpg 768w\" sizes=\"(max-width: 1024px) 100vw, 1024px\" \/>\t\t\t\t\t\t\t\t\t\t\t\t\t\t\t<\/div>\n\t\t\t\t<\/div>\n\t\t\t\t<div class=\"elementor-element elementor-element-51333ff0 elementor-widget-mobile__width-initial elementor-widget__width-initial elementor-widget-tablet__width-initial elementor-invisible elementor-widget elementor-widget-image\" data-id=\"51333ff0\" data-element_type=\"widget\" data-e-type=\"widget\" data-settings=\"{&quot;_animation&quot;:&quot;fadeInRight&quot;}\" data-widget_type=\"image.default\">\n\t\t\t\t<div class=\"elementor-widget-container\">\n\t\t\t\t\t\t\t\t\t\t\t\t\t\t\t<img decoding=\"async\" width=\"1280\" height=\"853\" src=\"https:\/\/conferinteleclubferoviar.ro\/otfmr\/wp-content\/uploads\/2023\/10\/IMG_7913.jpg\" class=\"attachment-full size-full wp-image-633\" alt=\"\" srcset=\"https:\/\/conferinteleclubferoviar.ro\/otfmr\/wp-content\/uploads\/2023\/10\/IMG_7913.jpg 1280w, https:\/\/conferinteleclubferoviar.ro\/otfmr\/wp-content\/uploads\/2023\/10\/IMG_7913-300x200.jpg 300w, https:\/\/conferinteleclubferoviar.ro\/otfmr\/wp-content\/uploads\/2023\/10\/IMG_7913-1024x682.jpg 1024w, https:\/\/conferinteleclubferoviar.ro\/otfmr\/wp-content\/uploads\/2023\/10\/IMG_7913-768x512.jpg 768w\" sizes=\"(max-width: 1280px) 100vw, 1280px\" \/>\t\t\t\t\t\t\t\t\t\t\t\t\t\t\t<\/div>\n\t\t\t\t<\/div>\n\t\t\t\t<div class=\"elementor-element elementor-element-58c6576f elementor-widget-mobile__width-initial elementor-widget__width-initial elementor-widget-tablet__width-initial elementor-invisible elementor-widget elementor-widget-image\" data-id=\"58c6576f\" data-element_type=\"widget\" data-e-type=\"widget\" data-settings=\"{&quot;_animation&quot;:&quot;fadeInUp&quot;}\" data-widget_type=\"image.default\">\n\t\t\t\t<div class=\"elementor-widget-container\">\n\t\t\t\t\t\t\t\t\t\t\t\t\t\t\t<img decoding=\"async\" width=\"1280\" height=\"720\" src=\"https:\/\/conferinteleclubferoviar.ro\/otfmr\/wp-content\/uploads\/2023\/10\/DSC04582.jpg\" class=\"attachment-full size-full wp-image-634\" alt=\"\" srcset=\"https:\/\/conferinteleclubferoviar.ro\/otfmr\/wp-content\/uploads\/2023\/10\/DSC04582.jpg 1280w, https:\/\/conferinteleclubferoviar.ro\/otfmr\/wp-content\/uploads\/2023\/10\/DSC04582-300x169.jpg 300w, https:\/\/conferinteleclubferoviar.ro\/otfmr\/wp-content\/uploads\/2023\/10\/DSC04582-1024x576.jpg 1024w, https:\/\/conferinteleclubferoviar.ro\/otfmr\/wp-content\/uploads\/2023\/10\/DSC04582-768x432.jpg 768w, https:\/\/conferinteleclubferoviar.ro\/otfmr\/wp-content\/uploads\/2023\/10\/DSC04582-800x450.jpg 800w\" sizes=\"(max-width: 1280px) 100vw, 1280px\" \/>\t\t\t\t\t\t\t\t\t\t\t\t\t\t\t<\/div>\n\t\t\t\t<\/div>\n\t\t\t\t<div class=\"elementor-element elementor-element-686e8acc elementor-widget-mobile__width-initial elementor-widget__width-initial elementor-widget-tablet__width-initial elementor-invisible elementor-widget elementor-widget-image\" data-id=\"686e8acc\" data-element_type=\"widget\" data-e-type=\"widget\" data-settings=\"{&quot;_animation&quot;:&quot;fadeInRight&quot;,&quot;_animation_delay&quot;:&quot;200&quot;}\" data-widget_type=\"image.default\">\n\t\t\t\t<div class=\"elementor-widget-container\">\n\t\t\t\t\t\t\t\t\t\t\t\t\t\t\t<img loading=\"lazy\" decoding=\"async\" width=\"1620\" height=\"1080\" src=\"https:\/\/conferinteleclubferoviar.ro\/otfmr\/wp-content\/uploads\/2023\/10\/IMG_3033.jpg\" class=\"attachment-full size-full wp-image-635\" alt=\"\" srcset=\"https:\/\/conferinteleclubferoviar.ro\/otfmr\/wp-content\/uploads\/2023\/10\/IMG_3033.jpg 1620w, https:\/\/conferinteleclubferoviar.ro\/otfmr\/wp-content\/uploads\/2023\/10\/IMG_3033-300x200.jpg 300w, https:\/\/conferinteleclubferoviar.ro\/otfmr\/wp-content\/uploads\/2023\/10\/IMG_3033-1024x683.jpg 1024w, https:\/\/conferinteleclubferoviar.ro\/otfmr\/wp-content\/uploads\/2023\/10\/IMG_3033-768x512.jpg 768w, https:\/\/conferinteleclubferoviar.ro\/otfmr\/wp-content\/uploads\/2023\/10\/IMG_3033-1536x1024.jpg 1536w\" sizes=\"(max-width: 1620px) 100vw, 1620px\" \/>\t\t\t\t\t\t\t\t\t\t\t\t\t\t\t<\/div>\n\t\t\t\t<\/div>\n\t\t\t\t<\/div>\n\t\t\t\t\t<\/div>\n\t\t\t\t<\/div>\n\t\t\t\t<\/div>\n\t\t","protected":false},"excerpt":{"rendered":"<p>Administratorii de infrastructur\u0103 feroviar\u0103 na\u021bional\u0103 \u0219i operatorii de transport feroviar vor prezenta proiectele feroviare menite s\u0103 formeze un spa\u021biu de transport feroviar mai bine conectat \u0219i integrat \u00een statele ECE. Cele mai relevante conferin\u021be feroviare ale anului! Ve\u021bi avea ocazia s\u0103 v\u0103 conecta\u021bi cu al\u021bi profesioni\u0219ti din domeniu, s\u0103 asculta\u021bi prezent\u0103rile vorbitorilor principali \u0219i s\u0103 [&hellip;]<\/p>\n","protected":false},"author":1,"featured_media":0,"parent":0,"menu_order":0,"comment_status":"closed","ping_status":"closed","template":"","meta":{"ocean_post_layout":"","ocean_both_sidebars_style":"","ocean_both_sidebars_content_width":0,"ocean_both_sidebars_sidebars_width":0,"ocean_sidebar":"0","ocean_second_sidebar":"0","ocean_disable_margins":"enable","ocean_add_body_class":"","ocean_shortcode_before_top_bar":"","ocean_shortcode_after_top_bar":"","ocean_shortcode_before_header":"","ocean_shortcode_after_header":"","ocean_has_shortcode":"","ocean_shortcode_after_title":"","ocean_shortcode_before_footer_widgets":"","ocean_shortcode_after_footer_widgets":"","ocean_shortcode_before_footer_bottom":"","ocean_shortcode_after_footer_bottom":"","ocean_display_top_bar":"default","ocean_display_header":"default","ocean_header_style":"","ocean_center_header_left_menu":"0","ocean_custom_header_template":"0","ocean_custom_logo":0,"ocean_custom_retina_logo":0,"ocean_custom_logo_max_width":0,"ocean_custom_logo_tablet_max_width":0,"ocean_custom_logo_mobile_max_width":0,"ocean_custom_logo_max_height":0,"ocean_custom_logo_tablet_max_height":0,"ocean_custom_logo_mobile_max_height":0,"ocean_header_custom_menu":"0","ocean_menu_typo_font_family":"0","ocean_menu_typo_font_subset":"","ocean_menu_typo_font_size":0,"ocean_menu_typo_font_size_tablet":0,"ocean_menu_typo_font_size_mobile":0,"ocean_menu_typo_font_size_unit":"px","ocean_menu_typo_font_weight":"","ocean_menu_typo_font_weight_tablet":"","ocean_menu_typo_font_weight_mobile":"","ocean_menu_typo_transform":"","ocean_menu_typo_transform_tablet":"","ocean_menu_typo_transform_mobile":"","ocean_menu_typo_line_height":0,"ocean_menu_typo_line_height_tablet":0,"ocean_menu_typo_line_height_mobile":0,"ocean_menu_typo_line_height_unit":"","ocean_menu_typo_spacing":0,"ocean_menu_typo_spacing_tablet":0,"ocean_menu_typo_spacing_mobile":0,"ocean_menu_typo_spacing_unit":"","ocean_menu_link_color":"","ocean_menu_link_color_hover":"","ocean_menu_link_color_active":"","ocean_menu_link_background":"","ocean_menu_link_hover_background":"","ocean_menu_link_active_background":"","ocean_menu_social_links_bg":"","ocean_menu_social_hover_links_bg":"","ocean_menu_social_links_color":"","ocean_menu_social_hover_links_color":"","ocean_disable_title":"default","ocean_disable_heading":"default","ocean_post_title":"","ocean_post_subheading":"","ocean_post_title_style":"","ocean_post_title_background_color":"","ocean_post_title_background":0,"ocean_post_title_bg_image_position":"","ocean_post_title_bg_image_attachment":"","ocean_post_title_bg_image_repeat":"","ocean_post_title_bg_image_size":"","ocean_post_title_height":0,"ocean_post_title_bg_overlay":0.5,"ocean_post_title_bg_overlay_color":"","ocean_disable_breadcrumbs":"default","ocean_breadcrumbs_color":"","ocean_breadcrumbs_separator_color":"","ocean_breadcrumbs_links_color":"","ocean_breadcrumbs_links_hover_color":"","ocean_display_footer_widgets":"default","ocean_display_footer_bottom":"default","ocean_custom_footer_template":"0","footnotes":""},"class_list":["post-610","page","type-page","status-publish","hentry","entry"],"yoast_head":"<!-- This site is optimized with the Yoast SEO plugin v27.5 - https:\/\/yoast.com\/product\/yoast-seo-wordpress\/ -->\n<title>Despre eveniment - Operatorie Feroviar\u0103 &amp; Material Rulant - Conferintele Club Feroviar<\/title>\n<meta name=\"robots\" content=\"index, follow, max-snippet:-1, max-image-preview:large, max-video-preview:-1\" \/>\n<link rel=\"canonical\" href=\"https:\/\/conferinteleclubferoviar.ro\/otfmr\/despre-eveniment\/\" \/>\n<meta property=\"og:locale\" content=\"ro_RO\" \/>\n<meta property=\"og:type\" content=\"article\" \/>\n<meta property=\"og:title\" content=\"Despre eveniment - Operatorie Feroviar\u0103 &amp; Material Rulant - Conferintele Club Feroviar\" \/>\n<meta property=\"og:description\" content=\"Administratorii de infrastructur\u0103 feroviar\u0103 na\u021bional\u0103 \u0219i operatorii de transport feroviar vor prezenta proiectele feroviare menite s\u0103 formeze un spa\u021biu de transport feroviar mai bine conectat \u0219i integrat \u00een statele ECE. Cele mai relevante conferin\u021be feroviare ale anului! Ve\u021bi avea ocazia s\u0103 v\u0103 conecta\u021bi cu al\u021bi profesioni\u0219ti din domeniu, s\u0103 asculta\u021bi prezent\u0103rile vorbitorilor principali \u0219i s\u0103 [&hellip;]\" \/>\n<meta property=\"og:url\" content=\"https:\/\/conferinteleclubferoviar.ro\/otfmr\/despre-eveniment\/\" \/>\n<meta property=\"og:site_name\" content=\"Operatorie Feroviar\u0103 &amp; Material Rulant - Conferintele Club Feroviar\" \/>\n<meta property=\"article:modified_time\" content=\"2023-10-31T13:26:38+00:00\" \/>\n<meta property=\"og:image\" content=\"https:\/\/conferinteleclubferoviar.ro\/otfmr\/wp-content\/uploads\/2023\/10\/IMG_8792-copy-1024x735-1.jpg\" \/>\n<meta name=\"twitter:card\" content=\"summary_large_image\" \/>\n<meta name=\"twitter:label1\" content=\"Timp estimat pentru citire\" \/>\n\t<meta name=\"twitter:data1\" content=\"2 minute\" \/>\n<script type=\"application\/ld+json\" class=\"yoast-schema-graph\">{\"@context\":\"https:\\\/\\\/schema.org\",\"@graph\":[{\"@type\":\"WebPage\",\"@id\":\"https:\\\/\\\/conferinteleclubferoviar.ro\\\/otfmr\\\/despre-eveniment\\\/\",\"url\":\"https:\\\/\\\/conferinteleclubferoviar.ro\\\/otfmr\\\/despre-eveniment\\\/\",\"name\":\"Despre eveniment - Operatorie Feroviar\u0103 &amp; Material Rulant - Conferintele Club Feroviar\",\"isPartOf\":{\"@id\":\"https:\\\/\\\/conferinteleclubferoviar.ro\\\/otfmr\\\/#website\"},\"primaryImageOfPage\":{\"@id\":\"https:\\\/\\\/conferinteleclubferoviar.ro\\\/otfmr\\\/despre-eveniment\\\/#primaryimage\"},\"image\":{\"@id\":\"https:\\\/\\\/conferinteleclubferoviar.ro\\\/otfmr\\\/despre-eveniment\\\/#primaryimage\"},\"thumbnailUrl\":\"https:\\\/\\\/conferinteleclubferoviar.ro\\\/otfmr\\\/wp-content\\\/uploads\\\/2023\\\/10\\\/IMG_8792-copy-1024x735-1.jpg\",\"datePublished\":\"2023-10-31T12:38:43+00:00\",\"dateModified\":\"2023-10-31T13:26:38+00:00\",\"breadcrumb\":{\"@id\":\"https:\\\/\\\/conferinteleclubferoviar.ro\\\/otfmr\\\/despre-eveniment\\\/#breadcrumb\"},\"inLanguage\":\"ro-RO\",\"potentialAction\":[{\"@type\":\"ReadAction\",\"target\":[\"https:\\\/\\\/conferinteleclubferoviar.ro\\\/otfmr\\\/despre-eveniment\\\/\"]}]},{\"@type\":\"ImageObject\",\"inLanguage\":\"ro-RO\",\"@id\":\"https:\\\/\\\/conferinteleclubferoviar.ro\\\/otfmr\\\/despre-eveniment\\\/#primaryimage\",\"url\":\"https:\\\/\\\/conferinteleclubferoviar.ro\\\/otfmr\\\/wp-content\\\/uploads\\\/2023\\\/10\\\/IMG_8792-copy-1024x735-1.jpg\",\"contentUrl\":\"https:\\\/\\\/conferinteleclubferoviar.ro\\\/otfmr\\\/wp-content\\\/uploads\\\/2023\\\/10\\\/IMG_8792-copy-1024x735-1.jpg\",\"width\":1024,\"height\":735},{\"@type\":\"BreadcrumbList\",\"@id\":\"https:\\\/\\\/conferinteleclubferoviar.ro\\\/otfmr\\\/despre-eveniment\\\/#breadcrumb\",\"itemListElement\":[{\"@type\":\"ListItem\",\"position\":1,\"name\":\"Prima pagin\u0103\",\"item\":\"https:\\\/\\\/conferinteleclubferoviar.ro\\\/otfmr\\\/\"},{\"@type\":\"ListItem\",\"position\":2,\"name\":\"Despre eveniment\"}]},{\"@type\":\"WebSite\",\"@id\":\"https:\\\/\\\/conferinteleclubferoviar.ro\\\/otfmr\\\/#website\",\"url\":\"https:\\\/\\\/conferinteleclubferoviar.ro\\\/otfmr\\\/\",\"name\":\"Operatorie Feroviar\u0103 &amp; Material Rulant - Conferintele Club Feroviar\",\"description\":\"\",\"publisher\":{\"@id\":\"https:\\\/\\\/conferinteleclubferoviar.ro\\\/otfmr\\\/#organization\"},\"potentialAction\":[{\"@type\":\"SearchAction\",\"target\":{\"@type\":\"EntryPoint\",\"urlTemplate\":\"https:\\\/\\\/conferinteleclubferoviar.ro\\\/otfmr\\\/?s={search_term_string}\"},\"query-input\":{\"@type\":\"PropertyValueSpecification\",\"valueRequired\":true,\"valueName\":\"search_term_string\"}}],\"inLanguage\":\"ro-RO\"},{\"@type\":\"Organization\",\"@id\":\"https:\\\/\\\/conferinteleclubferoviar.ro\\\/otfmr\\\/#organization\",\"name\":\"Operatorie Feroviar\u0103 &amp; Material Rulant - Conferintele Club Feroviar\",\"url\":\"https:\\\/\\\/conferinteleclubferoviar.ro\\\/otfmr\\\/\",\"logo\":{\"@type\":\"ImageObject\",\"inLanguage\":\"ro-RO\",\"@id\":\"https:\\\/\\\/conferinteleclubferoviar.ro\\\/otfmr\\\/#\\\/schema\\\/logo\\\/image\\\/\",\"url\":\"https:\\\/\\\/conferinteleclubferoviar.ro\\\/otfmr\\\/wp-content\\\/uploads\\\/2023\\\/11\\\/cropped-sigla_conferinte-alb.png\",\"contentUrl\":\"https:\\\/\\\/conferinteleclubferoviar.ro\\\/otfmr\\\/wp-content\\\/uploads\\\/2023\\\/11\\\/cropped-sigla_conferinte-alb.png\",\"width\":1280,\"height\":324,\"caption\":\"Operatorie Feroviar\u0103 &amp; Material Rulant - Conferintele Club Feroviar\"},\"image\":{\"@id\":\"https:\\\/\\\/conferinteleclubferoviar.ro\\\/otfmr\\\/#\\\/schema\\\/logo\\\/image\\\/\"}}]}<\/script>\n<!-- \/ Yoast SEO plugin. -->","yoast_head_json":{"title":"Despre eveniment - Operatorie Feroviar\u0103 &amp; Material Rulant - Conferintele Club Feroviar","robots":{"index":"index","follow":"follow","max-snippet":"max-snippet:-1","max-image-preview":"max-image-preview:large","max-video-preview":"max-video-preview:-1"},"canonical":"https:\/\/conferinteleclubferoviar.ro\/otfmr\/despre-eveniment\/","og_locale":"ro_RO","og_type":"article","og_title":"Despre eveniment - Operatorie Feroviar\u0103 &amp; Material Rulant - Conferintele Club Feroviar","og_description":"Administratorii de infrastructur\u0103 feroviar\u0103 na\u021bional\u0103 \u0219i operatorii de transport feroviar vor prezenta proiectele feroviare menite s\u0103 formeze un spa\u021biu de transport feroviar mai bine conectat \u0219i integrat \u00een statele ECE. Cele mai relevante conferin\u021be feroviare ale anului! Ve\u021bi avea ocazia s\u0103 v\u0103 conecta\u021bi cu al\u021bi profesioni\u0219ti din domeniu, s\u0103 asculta\u021bi prezent\u0103rile vorbitorilor principali \u0219i s\u0103 [&hellip;]","og_url":"https:\/\/conferinteleclubferoviar.ro\/otfmr\/despre-eveniment\/","og_site_name":"Operatorie Feroviar\u0103 &amp; Material Rulant - Conferintele Club Feroviar","article_modified_time":"2023-10-31T13:26:38+00:00","og_image":[{"url":"https:\/\/conferinteleclubferoviar.ro\/otfmr\/wp-content\/uploads\/2023\/10\/IMG_8792-copy-1024x735-1.jpg","type":"","width":"","height":""}],"twitter_card":"summary_large_image","twitter_misc":{"Timp estimat pentru citire":"2 minute"},"schema":{"@context":"https:\/\/schema.org","@graph":[{"@type":"WebPage","@id":"https:\/\/conferinteleclubferoviar.ro\/otfmr\/despre-eveniment\/","url":"https:\/\/conferinteleclubferoviar.ro\/otfmr\/despre-eveniment\/","name":"Despre eveniment - Operatorie Feroviar\u0103 &amp; Material Rulant - Conferintele Club Feroviar","isPartOf":{"@id":"https:\/\/conferinteleclubferoviar.ro\/otfmr\/#website"},"primaryImageOfPage":{"@id":"https:\/\/conferinteleclubferoviar.ro\/otfmr\/despre-eveniment\/#primaryimage"},"image":{"@id":"https:\/\/conferinteleclubferoviar.ro\/otfmr\/despre-eveniment\/#primaryimage"},"thumbnailUrl":"https:\/\/conferinteleclubferoviar.ro\/otfmr\/wp-content\/uploads\/2023\/10\/IMG_8792-copy-1024x735-1.jpg","datePublished":"2023-10-31T12:38:43+00:00","dateModified":"2023-10-31T13:26:38+00:00","breadcrumb":{"@id":"https:\/\/conferinteleclubferoviar.ro\/otfmr\/despre-eveniment\/#breadcrumb"},"inLanguage":"ro-RO","potentialAction":[{"@type":"ReadAction","target":["https:\/\/conferinteleclubferoviar.ro\/otfmr\/despre-eveniment\/"]}]},{"@type":"ImageObject","inLanguage":"ro-RO","@id":"https:\/\/conferinteleclubferoviar.ro\/otfmr\/despre-eveniment\/#primaryimage","url":"https:\/\/conferinteleclubferoviar.ro\/otfmr\/wp-content\/uploads\/2023\/10\/IMG_8792-copy-1024x735-1.jpg","contentUrl":"https:\/\/conferinteleclubferoviar.ro\/otfmr\/wp-content\/uploads\/2023\/10\/IMG_8792-copy-1024x735-1.jpg","width":1024,"height":735},{"@type":"BreadcrumbList","@id":"https:\/\/conferinteleclubferoviar.ro\/otfmr\/despre-eveniment\/#breadcrumb","itemListElement":[{"@type":"ListItem","position":1,"name":"Prima pagin\u0103","item":"https:\/\/conferinteleclubferoviar.ro\/otfmr\/"},{"@type":"ListItem","position":2,"name":"Despre eveniment"}]},{"@type":"WebSite","@id":"https:\/\/conferinteleclubferoviar.ro\/otfmr\/#website","url":"https:\/\/conferinteleclubferoviar.ro\/otfmr\/","name":"Operatorie Feroviar\u0103 &amp; Material Rulant - Conferintele Club Feroviar","description":"","publisher":{"@id":"https:\/\/conferinteleclubferoviar.ro\/otfmr\/#organization"},"potentialAction":[{"@type":"SearchAction","target":{"@type":"EntryPoint","urlTemplate":"https:\/\/conferinteleclubferoviar.ro\/otfmr\/?s={search_term_string}"},"query-input":{"@type":"PropertyValueSpecification","valueRequired":true,"valueName":"search_term_string"}}],"inLanguage":"ro-RO"},{"@type":"Organization","@id":"https:\/\/conferinteleclubferoviar.ro\/otfmr\/#organization","name":"Operatorie Feroviar\u0103 &amp; Material Rulant - Conferintele Club Feroviar","url":"https:\/\/conferinteleclubferoviar.ro\/otfmr\/","logo":{"@type":"ImageObject","inLanguage":"ro-RO","@id":"https:\/\/conferinteleclubferoviar.ro\/otfmr\/#\/schema\/logo\/image\/","url":"https:\/\/conferinteleclubferoviar.ro\/otfmr\/wp-content\/uploads\/2023\/11\/cropped-sigla_conferinte-alb.png","contentUrl":"https:\/\/conferinteleclubferoviar.ro\/otfmr\/wp-content\/uploads\/2023\/11\/cropped-sigla_conferinte-alb.png","width":1280,"height":324,"caption":"Operatorie Feroviar\u0103 &amp; Material Rulant - Conferintele Club Feroviar"},"image":{"@id":"https:\/\/conferinteleclubferoviar.ro\/otfmr\/#\/schema\/logo\/image\/"}}]}},"_links":{"self":[{"href":"https:\/\/conferinteleclubferoviar.ro\/otfmr\/wp-json\/wp\/v2\/pages\/610","targetHints":{"allow":["GET"]}}],"collection":[{"href":"https:\/\/conferinteleclubferoviar.ro\/otfmr\/wp-json\/wp\/v2\/pages"}],"about":[{"href":"https:\/\/conferinteleclubferoviar.ro\/otfmr\/wp-json\/wp\/v2\/types\/page"}],"author":[{"embeddable":true,"href":"https:\/\/conferinteleclubferoviar.ro\/otfmr\/wp-json\/wp\/v2\/users\/1"}],"replies":[{"embeddable":true,"href":"https:\/\/conferinteleclubferoviar.ro\/otfmr\/wp-json\/wp\/v2\/comments?post=610"}],"version-history":[{"count":7,"href":"https:\/\/conferinteleclubferoviar.ro\/otfmr\/wp-json\/wp\/v2\/pages\/610\/revisions"}],"predecessor-version":[{"id":639,"href":"https:\/\/conferinteleclubferoviar.ro\/otfmr\/wp-json\/wp\/v2\/pages\/610\/revisions\/639"}],"wp:attachment":[{"href":"https:\/\/conferinteleclubferoviar.ro\/otfmr\/wp-json\/wp\/v2\/media?parent=610"}],"curies":[{"name":"wp","href":"https:\/\/api.w.org\/{rel}","templated":true}]}}